{"id":270,"date":"2019-03-18T12:59:53","date_gmt":"2019-03-18T10:59:53","guid":{"rendered":"http:\/\/web110.server304.star-server.info\/JFWP\/?page_id=270"},"modified":"2020-08-04T10:46:17","modified_gmt":"2020-08-04T08:46:17","slug":"huepfburg","status":"publish","type":"page","link":"https:\/\/jf.s383-fair4host.http-s.de\/JFWP\/huepfburg\/","title":{"rendered":"H\u00fcpfburg"},"content":{"rendered":"\n<h2 class=\"wp-block-heading\"><\/h2>\n\n\n\n<p>Der F\u00f6rderverein Jugendfeuerwehren Gemeinde Wedemark e.V. hat eine H\u00fcpfburg angeschafft, diese kann man sich auch f\u00fcr Events und Feiern ausleihen.<\/p>\n\n\n\n<p>Einfach eine Email \u00fcber das Kontaktformular des F\u00f6rdervereins schicken.<\/p>\n\n\n\n<p>Wir melden uns.<\/p>\n\n\n\n<p>Gr\u00f6\u00dfe : 5,4 x 5,0 x 3,0 m  (L x B x H) <br>Packmass : 1,0 x 1,2 M <br>Gewicht : 150 kg Gewicht <br>Gebl\u00e4se : 15 kg <br>Aufbauzeit : 10 Minuten <br>Aufbauen\/abbauen : 1-2 Personen <br>Kapazit\u00e4t : 12 Personen <\/p>\n\n\n\n<figure class=\"wp-block-gallery columns-3 is-cropped wp-block-gallery-1 is-layout-flex\"><ul class=\"blocks-gallery-grid\"><li class=\"blocks-gallery-item\"><figure><img decoding=\"async\" loading=\"lazy\" width=\"1024\" height=\"614\" src=\"https:\/\/jf.s383-fair4host.http-s.de\/JFWP\/wp-content\/uploads\/IMG-20190209-WA0003-1024x614.jpg\" alt=\"\" data-id=\"282\" class=\"wp-image-282\" srcset=\"https:\/\/jf.s383-fair4host.http-s.de\/JFWP\/wp-content\/uploads\/IMG-20190209-WA0003-1024x614.jpg 1024w, https:\/\/jf.s383-fair4host.http-s.de\/JFWP\/wp-content\/uploads\/IMG-20190209-WA0003-300x180.jpg 300w, https:\/\/jf.s383-fair4host.http-s.de\/JFWP\/wp-content\/uploads\/IMG-20190209-WA0003-768x461.jpg 768w, https:\/\/jf.s383-fair4host.http-s.de\/JFWP\/wp-content\/uploads\/IMG-20190209-WA0003.jpg 1600w\" sizes=\"(max-width: 1024px) 100vw, 1024px\" \/><\/figure><\/li><li class=\"blocks-gallery-item\"><figure><img decoding=\"async\" loading=\"lazy\" width=\"1024\" height=\"768\" src=\"https:\/\/jf.s383-fair4host.http-s.de\/JFWP\/wp-content\/uploads\/20190413_101250-2-1024x768.jpg\" alt=\"\" data-id=\"294\" data-link=\"https:\/\/jf.s383-fair4host.http-s.de\/JFWP\/huepfburg\/20190413_101250-2\/\" class=\"wp-image-294\" srcset=\"https:\/\/jf.s383-fair4host.http-s.de\/JFWP\/wp-content\/uploads\/20190413_101250-2-1024x768.jpg 1024w, https:\/\/jf.s383-fair4host.http-s.de\/JFWP\/wp-content\/uploads\/20190413_101250-2-300x225.jpg 300w, https:\/\/jf.s383-fair4host.http-s.de\/JFWP\/wp-content\/uploads\/20190413_101250-2-768x576.jpg 768w\" sizes=\"(max-width: 1024px) 100vw, 1024px\" \/><\/figure><\/li><li class=\"blocks-gallery-item\"><figure><img decoding=\"async\" loading=\"lazy\" width=\"1024\" height=\"768\" src=\"https:\/\/jf.s383-fair4host.http-s.de\/JFWP\/wp-content\/uploads\/20190413_101307-1-1024x768.jpg\" alt=\"\" data-id=\"295\" data-link=\"https:\/\/jf.s383-fair4host.http-s.de\/JFWP\/huepfburg\/20190413_101307-2\/\" class=\"wp-image-295\" srcset=\"https:\/\/jf.s383-fair4host.http-s.de\/JFWP\/wp-content\/uploads\/20190413_101307-1-1024x768.jpg 1024w, https:\/\/jf.s383-fair4host.http-s.de\/JFWP\/wp-content\/uploads\/20190413_101307-1-300x225.jpg 300w, https:\/\/jf.s383-fair4host.http-s.de\/JFWP\/wp-content\/uploads\/20190413_101307-1-768x576.jpg 768w\" sizes=\"(max-width: 1024px) 100vw, 1024px\" \/><\/figure><\/li><li class=\"blocks-gallery-item\"><figure><img decoding=\"async\" loading=\"lazy\" width=\"1024\" height=\"768\" src=\"https:\/\/jf.s383-fair4host.http-s.de\/JFWP\/wp-content\/uploads\/20190413_101319-1-1024x768.jpg\" alt=\"\" data-id=\"296\" data-link=\"https:\/\/jf.s383-fair4host.http-s.de\/JFWP\/huepfburg\/20190413_101319-2\/\" class=\"wp-image-296\" srcset=\"https:\/\/jf.s383-fair4host.http-s.de\/JFWP\/wp-content\/uploads\/20190413_101319-1-1024x768.jpg 1024w, https:\/\/jf.s383-fair4host.http-s.de\/JFWP\/wp-content\/uploads\/20190413_101319-1-300x225.jpg 300w, https:\/\/jf.s383-fair4host.http-s.de\/JFWP\/wp-content\/uploads\/20190413_101319-1-768x576.jpg 768w\" sizes=\"(max-width: 1024px) 100vw, 1024px\" \/><\/figure><\/li><li class=\"blocks-gallery-item\"><figure><img decoding=\"async\" loading=\"lazy\" width=\"1024\" height=\"768\" src=\"https:\/\/jf.s383-fair4host.http-s.de\/JFWP\/wp-content\/uploads\/20190413_101333-1-1024x768.jpg\" alt=\"\" data-id=\"297\" data-link=\"https:\/\/jf.s383-fair4host.http-s.de\/JFWP\/huepfburg\/20190413_101333-2\/\" class=\"wp-image-297\" srcset=\"https:\/\/jf.s383-fair4host.http-s.de\/JFWP\/wp-content\/uploads\/20190413_101333-1-1024x768.jpg 1024w, https:\/\/jf.s383-fair4host.http-s.de\/JFWP\/wp-content\/uploads\/20190413_101333-1-300x225.jpg 300w, https:\/\/jf.s383-fair4host.http-s.de\/JFWP\/wp-content\/uploads\/20190413_101333-1-768x576.jpg 768w\" sizes=\"(max-width: 1024px) 100vw, 1024px\" \/><\/figure><\/li><li class=\"blocks-gallery-item\"><figure><img decoding=\"async\" loading=\"lazy\" width=\"1024\" height=\"768\" src=\"https:\/\/jf.s383-fair4host.http-s.de\/JFWP\/wp-content\/uploads\/20190413_101346-1-1024x768.jpg\" alt=\"\" data-id=\"298\" data-link=\"https:\/\/jf.s383-fair4host.http-s.de\/JFWP\/huepfburg\/20190413_101346-2\/\" class=\"wp-image-298\" srcset=\"https:\/\/jf.s383-fair4host.http-s.de\/JFWP\/wp-content\/uploads\/20190413_101346-1-1024x768.jpg 1024w, https:\/\/jf.s383-fair4host.http-s.de\/JFWP\/wp-content\/uploads\/20190413_101346-1-300x225.jpg 300w, https:\/\/jf.s383-fair4host.http-s.de\/JFWP\/wp-content\/uploads\/20190413_101346-1-768x576.jpg 768w\" sizes=\"(max-width: 1024px) 100vw, 1024px\" \/><\/figure><\/li><li class=\"blocks-gallery-item\"><figure><img decoding=\"async\" loading=\"lazy\" width=\"1024\" height=\"768\" src=\"https:\/\/jf.s383-fair4host.http-s.de\/JFWP\/wp-content\/uploads\/20190413_101553-1-1024x768.jpg\" alt=\"\" data-id=\"299\" data-link=\"https:\/\/jf.s383-fair4host.http-s.de\/JFWP\/huepfburg\/20190413_101553-2\/\" class=\"wp-image-299\" srcset=\"https:\/\/jf.s383-fair4host.http-s.de\/JFWP\/wp-content\/uploads\/20190413_101553-1-1024x768.jpg 1024w, https:\/\/jf.s383-fair4host.http-s.de\/JFWP\/wp-content\/uploads\/20190413_101553-1-300x225.jpg 300w, https:\/\/jf.s383-fair4host.http-s.de\/JFWP\/wp-content\/uploads\/20190413_101553-1-768x576.jpg 768w\" sizes=\"(max-width: 1024px) 100vw, 1024px\" \/><\/figure><\/li><\/ul><\/figure>\n","protected":false},"excerpt":{"rendered":"<p>Der F\u00f6rderverein Jugendfeuerwehren Gemeinde Wedemark e.V. hat eine H\u00fcpfburg angeschafft, diese kann man sich auch f\u00fcr Events und Feiern ausleihen. Einfach eine Email \u00fcber das Kontaktformular des F\u00f6rdervereins schicken. Wir melden uns. Gr\u00f6\u00dfe : 5,4 x 5,0 x 3,0 m (L x B x H) Packmass : 1,0 x 1,2 M Gewicht : 150 kg [&hellip;]<\/p>\n","protected":false},"author":1,"featured_media":0,"parent":0,"menu_order":4,"comment_status":"closed","ping_status":"closed","template":"","meta":[],"_links":{"self":[{"href":"https:\/\/jf.s383-fair4host.http-s.de\/JFWP\/wp-json\/wp\/v2\/pages\/270"}],"collection":[{"href":"https:\/\/jf.s383-fair4host.http-s.de\/JFWP\/wp-json\/wp\/v2\/pages"}],"about":[{"href":"https:\/\/jf.s383-fair4host.http-s.de\/JFWP\/wp-json\/wp\/v2\/types\/page"}],"author":[{"embeddable":true,"href":"https:\/\/jf.s383-fair4host.http-s.de\/JFWP\/wp-json\/wp\/v2\/users\/1"}],"replies":[{"embeddable":true,"href":"https:\/\/jf.s383-fair4host.http-s.de\/JFWP\/wp-json\/wp\/v2\/comments?post=270"}],"version-history":[{"count":9,"href":"https:\/\/jf.s383-fair4host.http-s.de\/JFWP\/wp-json\/wp\/v2\/pages\/270\/revisions"}],"predecessor-version":[{"id":325,"href":"https:\/\/jf.s383-fair4host.http-s.de\/JFWP\/wp-json\/wp\/v2\/pages\/270\/revisions\/325"}],"wp:attachment":[{"href":"https:\/\/jf.s383-fair4host.http-s.de\/JFWP\/wp-json\/wp\/v2\/media?parent=270"}],"curies":[{"name":"wp","href":"https:\/\/api.w.org\/{rel}","templated":true}]}}