{"id":26,"date":"2014-08-22T21:49:48","date_gmt":"2014-08-22T19:49:48","guid":{"rendered":"http:\/\/web110.server304.star-server.info\/JFWP\/?page_id=26"},"modified":"2022-03-31T15:56:29","modified_gmt":"2022-03-31T13:56:29","slug":"kontakt","status":"publish","type":"page","link":"https:\/\/jf.s383-fair4host.http-s.de\/JFWP\/kontakt\/","title":{"rendered":"Kontakt"},"content":{"rendered":"<table style=\"width: 99.84%;\" border=\"0\" cellspacing=\"0\" cellpadding=\"0\">\n<tbody>\n<tr>\n<td style=\"width: 31.29%;\" valign=\"top\"><a href=\"https:\/\/jf.s383-fair4host.http-s.de\/JFWP\/wp-content\/uploads\/wappenwedemark.jpg\" rel=\"attachment wp-att-125\"><img decoding=\"async\" loading=\"lazy\" class=\"aligncenter wp-image-125\" src=\"http:\/\/web110.server304.star-server.info\/JFWP\/wp-content\/uploads\/wappenwedemark-248x300.jpg\" alt=\"wappenwedemark\" width=\"200\" height=\"242\" srcset=\"https:\/\/jf.s383-fair4host.http-s.de\/JFWP\/wp-content\/uploads\/wappenwedemark-248x300.jpg 248w, https:\/\/jf.s383-fair4host.http-s.de\/JFWP\/wp-content\/uploads\/wappenwedemark.jpg 313w\" sizes=\"(max-width: 200px) 100vw, 200px\" \/><\/a><\/td>\n<td style=\"width: 53.52%;\">\n<p><span style=\"color: #000000;\"><a style=\"color: #000000; text-decoration: underline;\" href=\"mailto: &#x6a;u&#x67;&#101;&#x6e;&#100;w&#x61;r&#x74;&#64;&#x67;&#101;m&#x65;&#105;&#x6e;&#100;e&#x6a;u&#x67;&#101;&#x6e;&#100;w&#x65;h&#x72;&#46;&#x64;&#x65;\">Gemeindejugendfeuerwehrwartin<\/a>: Wiebke Rose<\/span><\/p>\n<p><span style=\"color: #000000;\"> <a style=\"color: #000000; text-decoration: underline;\" href=\"mailto: stellv&#46;&#106;&#117;&#103;&#101;&#110;&#100;&#x77;&#x61;&#x72;&#x74;&#x40;&#x67;&#x65;&#x6d;&#x65;&#x69;&#x6e;&#x64;ejugen&#100;&#119;&#101;&#104;&#114;&#46;&#100;&#x65;\">Stellv. Gemeindejugendfeuerwehrwart<\/a>: Colin Schwarzl<\/span><\/p>\n<p><span style=\"color: #000000;\"> <a style=\"color: #000000; text-decoration: underline;\" href=\"mailto: &#50;&#x2e;&#x73;t&#101;&#x6c;v&#46;&#x6a;u&#103;&#x65;n&#100;&#x77;&#x61;&#114;&#x74;&#x40;g&#101;&#x6d;e&#105;&#x6e;d&#101;&#x6a;&#x75;&#103;&#x65;&#x6e;d&#119;&#x65;h&#114;&#x2e;d&#101;\">Stellv. Gemeindejugendfeuerwehrwart<\/a>: Stephan Klautke<\/span><\/p>\n<p><span style=\"color: #000000;\"> <a style=\"color: #000000; text-decoration: underline;\" href=\"mailto: &#102;&#x62;&#x6c;-&#119;&#x40;g&#101;&#x6d;&#x65;i&#110;&#x64;e&#106;&#x75;&#x67;e&#110;&#x64;w&#101;&#x68;&#x72;&#46;&#100;&#x65;\">FBL-Wettbewerbe<\/a>: Mirco Wei\u00dfmann<\/span><\/p>\n<p><span style=\"color: #000000;\"> <a style=\"color: #000000; text-decoration: underline;\" href=\"mailto: fbl-oe&#64;g&#101;&#109;&#101;&#105;&#110;&#100;&#101;&#106;&#117;&#103;&#x65;&#x6e;&#x64;&#x77;&#x65;&#x68;&#x72;&#x2e;&#x64;&#x65;\">FBL-\u00d6ffentlichkeitsarbeit<\/a>: Benjamin Bohlmann<\/span><\/p>\n<p><span style=\"color: #000000;\"> <a style=\"color: #000000; text-decoration: underline;\" href=\"mailto: f&#98;&#108;&#45;&#x6b;&#x66;&#x40;ge&#109;&#101;&#x69;&#x6e;&#x64;&#x65;ju&#103;&#101;&#x6e;&#x64;&#x77;&#x65;h&#114;&#46;&#100;&#x65;\">FBL-Kinderfeuerwehr<\/a>: Wiebke Rose<\/span><\/p>\n<p><span style=\"color: #000000;\"> <a style=\"color: #000000; text-decoration: underline;\" href=\"mailto: &#x73;t&#x6c;&#108;&#x76;&#x2e;f&#x62;&#108;&#x2d;&#x77;&#64;&#x67;&#101;&#x6d;&#x65;i&#x6e;&#100;&#x65;&#x6a;u&#x67;&#101;&#x6e;&#x64;w&#x65;&#104;&#x72;&#x2e;d&#x65;\">Stellv. FBL-W<\/a>: Philip Peters<\/span><\/p>\n<p><span style=\"color: #000000;\"><a style=\"color: #000000; text-decoration: underline;\" href=\"mailto: &#x73;&#99;&#x68;&#x72;&#105;&#x66;&#x74;&#102;&#x75;&#x65;&#104;&#x72;&#x65;r&#x40;&#x67;e&#x6d;&#101;i&#x6e;&#100;e&#x6a;&#117;g&#x65;&#110;d&#x77;&#101;h&#x72;&#46;d&#x65;\">Protokollf\u00fchrer<\/a>:\u00a0Martin Tornow<\/span><\/p>\n<p><span style=\"color: #000000;\"><a style=\"color: #000000; text-decoration: underline;\" href=\"mailto: &#x6a;&#117;g&#x65;&#x6e;&#100;s&#x70;&#x72;&#101;c&#x68;&#101;r&#x40;&#x67;&#101;m&#x65;&#x69;&#110;d&#x65;&#106;&#117;&#x67;&#x65;&#110;d&#x77;&#x65;&#104;r&#x2e;&#100;&#101;\">Jugendsprecher<\/a>:\u00a0 <\/span><\/p>\n<p><span style=\"color: #000000;\"> <a style=\"color: #000000; text-decoration: underline;\" href=\"mailto: &#x6a;&#117;&#103;e&#x6e;&#x64;&#98;e&#x61;&#x75;&#102;tr&#x61;&#103;&#116;e&#x72;&#x40;&#103;e&#x6d;&#x65;&#105;&#110;d&#x65;&#x6a;&#117;g&#x65;&#x6e;&#100;w&#x65;&#x68;&#114;&#46;d&#x65;\">Jugendbeauftragter F\u00f6rderverein<\/a>: J\u00f6rn Schliep<\/span><\/p>\n<p><span style=\"text-decoration: underline; color: #000000;\"><a style=\"color: #000000; text-decoration: underline;\" href=\"mailto: &#97;&#100;&#x6d;&#x69;&#110;&#64;&#x67;&#x65;&#109;&#101;&#x69;&#x6e;&#100;&#101;&#x6a;&#x75;&#103;&#101;&#x6e;&#x64;&#119;&#101;&#x68;&#x72;&#46;&#100;&#x65;\">Webadmin<\/a>:<\/span> <span style=\"color: #000000;\">Christoph Meyer<\/span><\/p>\n<p>Die Jugend- und Kinderfeuerwehren erreicht man per Email in dem man auf den Ortsnamen klickt.<\/p>\n<\/td>\n<\/tr>\n<\/tbody>\n<\/table>\n\n\n<p><\/p>\n","protected":false},"excerpt":{"rendered":"<p>Gemeindejugendfeuerwehrwartin: Wiebke Rose Stellv. Gemeindejugendfeuerwehrwart: Colin Schwarzl Stellv. Gemeindejugendfeuerwehrwart: Stephan Klautke FBL-Wettbewerbe: Mirco Wei\u00dfmann FBL-\u00d6ffentlichkeitsarbeit: Benjamin Bohlmann FBL-Kinderfeuerwehr: Wiebke Rose Stellv. FBL-W: Philip Peters Protokollf\u00fchrer:\u00a0Martin Tornow Jugendsprecher:\u00a0 Jugendbeauftragter F\u00f6rderverein: J\u00f6rn Schliep Webadmin: Christoph Meyer Die Jugend- und Kinderfeuerwehren erreicht man per Email in dem man auf den Ortsnamen klickt.<\/p>\n","protected":false},"author":1,"featured_media":0,"parent":0,"menu_order":5,"comment_status":"closed","ping_status":"closed","template":"","meta":[],"_links":{"self":[{"href":"https:\/\/jf.s383-fair4host.http-s.de\/JFWP\/wp-json\/wp\/v2\/pages\/26"}],"collection":[{"href":"https:\/\/jf.s383-fair4host.http-s.de\/JFWP\/wp-json\/wp\/v2\/pages"}],"about":[{"href":"https:\/\/jf.s383-fair4host.http-s.de\/JFWP\/wp-json\/wp\/v2\/types\/page"}],"author":[{"embeddable":true,"href":"https:\/\/jf.s383-fair4host.http-s.de\/JFWP\/wp-json\/wp\/v2\/users\/1"}],"replies":[{"embeddable":true,"href":"https:\/\/jf.s383-fair4host.http-s.de\/JFWP\/wp-json\/wp\/v2\/comments?post=26"}],"version-history":[{"count":18,"href":"https:\/\/jf.s383-fair4host.http-s.de\/JFWP\/wp-json\/wp\/v2\/pages\/26\/revisions"}],"predecessor-version":[{"id":377,"href":"https:\/\/jf.s383-fair4host.http-s.de\/JFWP\/wp-json\/wp\/v2\/pages\/26\/revisions\/377"}],"wp:attachment":[{"href":"https:\/\/jf.s383-fair4host.http-s.de\/JFWP\/wp-json\/wp\/v2\/media?parent=26"}],"curies":[{"name":"wp","href":"https:\/\/api.w.org\/{rel}","templated":true}]}}