{"id":2,"date":"2014-08-22T18:40:40","date_gmt":"2014-08-22T18:40:40","guid":{"rendered":"http:\/\/web110.server304.star-server.info\/JFWP\/?page_id=2"},"modified":"2022-03-31T15:47:36","modified_gmt":"2022-03-31T13:47:36","slug":"willkommen","status":"publish","type":"page","link":"https:\/\/jf.s383-fair4host.http-s.de\/JFWP\/","title":{"rendered":"Willkommen"},"content":{"rendered":"<p><span style=\"font-size: 12pt;\">Willkommen auf der Internetseite der Gemeindejugendfeuerwehr Wedemark!!<\/span><\/p>\n<p><span style=\"font-size: 12pt;\">Liebe Besucher wir begr\u00fc\u00dfen Euch auf unserer Homepage der Jugend- und Kinderfeuerwehren der Gemeinde Wedemark. Mit unseren Internetseiten m\u00f6chten wir Euch einen Einblick in die Arbeit der Gemeindejugendfeuerwehr geben, die f\u00fcr die breite \u00d6ffentlichkeit meist unsichtbar ist. Die Gemeidejugendfeuerwehr ist der Zusammenschluss von 12 Ortsjugendwehren und 4 Kinderfeuerwehren. Zu unseren Aufgaben geh\u00f6rt das Durchf\u00fchren von Wettk\u00e4mpfen, Zeltlagern und Spieleturnieren. Wir veranstalten als Winterabschluss ein Basketball- und V\u00f6lkerballturnier f\u00fcr die Jugendwehren. Es wird in zwei Alterklassen gespielt. Eine Altersklasse ist von 10 bis 14 Jahre in der V\u00f6lkerball und eine ist von 14 bis 18 Jahre in der Basketball gespielt wird. Im Sommer wird der Gemeindewettbewerb durchgef\u00fchrt, auf dem sich alle zwei Jahre 5 Gruppen zum Regionswettbewerb qualifizieren k\u00f6nnen.<\/span><\/p>\n<p><span style=\"font-size: 12pt;\">Mit Freundlichen Gr\u00fc\u00dfen <\/span><\/p>\n<p><span style=\"font-size: 12pt;\">Wiebke Rose<\/span><\/p>\n<p><span style=\"font-size: 12pt;\">Gemeindejugendfeuerwehrwartin<\/span><\/p>\n","protected":false},"excerpt":{"rendered":"<p>Willkommen auf der Internetseite der Gemeindejugendfeuerwehr Wedemark!! Liebe Besucher wir begr\u00fc\u00dfen Euch auf unserer Homepage der Jugend- und Kinderfeuerwehren der Gemeinde Wedemark. Mit unseren Internetseiten m\u00f6chten wir Euch einen Einblick in die Arbeit der Gemeindejugendfeuerwehr geben, die f\u00fcr die breite \u00d6ffentlichkeit meist unsichtbar ist. Die Gemeidejugendfeuerwehr ist der Zusammenschluss von 12 Ortsjugendwehren und 4 Kinderfeuerwehren. [&hellip;]<\/p>\n","protected":false},"author":1,"featured_media":0,"parent":0,"menu_order":0,"comment_status":"closed","ping_status":"closed","template":"","meta":[],"_links":{"self":[{"href":"https:\/\/jf.s383-fair4host.http-s.de\/JFWP\/wp-json\/wp\/v2\/pages\/2"}],"collection":[{"href":"https:\/\/jf.s383-fair4host.http-s.de\/JFWP\/wp-json\/wp\/v2\/pages"}],"about":[{"href":"https:\/\/jf.s383-fair4host.http-s.de\/JFWP\/wp-json\/wp\/v2\/types\/page"}],"author":[{"embeddable":true,"href":"https:\/\/jf.s383-fair4host.http-s.de\/JFWP\/wp-json\/wp\/v2\/users\/1"}],"replies":[{"embeddable":true,"href":"https:\/\/jf.s383-fair4host.http-s.de\/JFWP\/wp-json\/wp\/v2\/comments?post=2"}],"version-history":[{"count":9,"href":"https:\/\/jf.s383-fair4host.http-s.de\/JFWP\/wp-json\/wp\/v2\/pages\/2\/revisions"}],"predecessor-version":[{"id":372,"href":"https:\/\/jf.s383-fair4host.http-s.de\/JFWP\/wp-json\/wp\/v2\/pages\/2\/revisions\/372"}],"wp:attachment":[{"href":"https:\/\/jf.s383-fair4host.http-s.de\/JFWP\/wp-json\/wp\/v2\/media?parent=2"}],"curies":[{"name":"wp","href":"https:\/\/api.w.org\/{rel}","templated":true}]}}