{"id":11,"date":"2014-08-22T21:14:18","date_gmt":"2014-08-22T19:14:18","guid":{"rendered":"http:\/\/web110.server304.star-server.info\/JFWP\/?page_id=11"},"modified":"2020-08-04T10:50:29","modified_gmt":"2020-08-04T08:50:29","slug":"foerderverein","status":"publish","type":"page","link":"https:\/\/jf.s383-fair4host.http-s.de\/JFWP\/foerderverein\/","title":{"rendered":"F\u00f6rderverein"},"content":{"rendered":"<p><a href=\"https:\/\/jf.s383-fair4host.http-s.de\/JFWP\/wp-content\/uploads\/Logo-Foerderverein.png\"><img decoding=\"async\" loading=\"lazy\" class=\"aligncenter wp-image-253\" src=\"https:\/\/jf.s383-fair4host.http-s.de\/JFWP\/wp-content\/uploads\/Logo-Foerderverein.png\" alt=\"\" width=\"229\" height=\"224\"><\/a><\/p>\n<p>Der F\u00f6rderverein Der Gemeindejugendfeuerwehr wurde 1998 gegr\u00fcndet. Aufgaben des F\u00f6rdervereins ist es, die Jugendarbeit der Jugendfeuerwehr und der Kinderfeuerwehr&nbsp;der Gemeinde Wedemark zu f\u00f6rdern. Der F\u00f6rderverein pflegt die Zusammenarbeit mit anderen Organisationen, Verb\u00e4nden und Einrichtungen, hinsichtlich der gemeinsamen Jugendarbeit. Der F\u00f6rderverein vertritt die Interessen der Gemeinde-Jugendfeuerwehr und ihrer Mitglieder, soweit nicht andere daf\u00fcr zust\u00e4ndig sind. Der F\u00f6rderverein f\u00f6rdert und unterst\u00fctzt gr\u00f6\u00dfere Veranstaltungen, wie zum Beispiel Zeltlager, sowie die Beschaffung von Arbeits-, Informations- und Schulungsmaterial. Der F\u00f6rderverein hat bis jetzt ein Gemeindemobil, verschiedene Zelte, Preise und Pokale f\u00fcr Turniere und Wettk\u00e4mpfe sowie Kochutensilien f\u00fcr Veranstaltungen von den Mitgliedsbeitr\u00e4gen angeschafft.<\/p>\n<p><strong><a href=\"https:\/\/jf.s383-fair4host.http-s.de\/JFWP\/wp-content\/uploads\/pdf.gif\"><img decoding=\"async\" loading=\"lazy\" class=\"alignnone size-full wp-image-32\" src=\"https:\/\/jf.s383-fair4host.http-s.de\/JFWP\/wp-content\/uploads\/pdf.gif\" alt=\"pdf\" width=\"20\" height=\"20\"><\/a><a href=\"https:\/\/jf.s383-fair4host.http-s.de\/JFWP\/wp-content\/uploads\/Satzung-1.pdf\" target=\"_blank\" rel=\"noopener noreferrer\">Satzung<\/a><\/strong><\/p>\n<p><strong><a href=\"https:\/\/jf.s383-fair4host.http-s.de\/JFWP\/wp-content\/uploads\/pdf.gif\"><img decoding=\"async\" loading=\"lazy\" class=\"alignnone size-full wp-image-32\" src=\"https:\/\/jf.s383-fair4host.http-s.de\/JFWP\/wp-content\/uploads\/pdf.gif\" alt=\"pdf\" width=\"20\" height=\"20\"><\/a><a href=\"https:\/\/jf.s383-fair4host.http-s.de\/JFWP\/wp-content\/uploads\/Aufnahme_Foederverein.pdf\" target=\"_blank\" rel=\"noopener noreferrer\">Aufnahme F\u00f6rderverein<\/a><\/strong><\/p>\n<p>Der Vorstand:<\/p>\n<p>Thomas Hellwig (1. Vorsitzender)<\/p>\n<p>Christoph Meyer (2. Vorsitzender)<\/p>\n<p>Henning St\u00f6ver&nbsp;(Kassenwart\/Gesch\u00e4ftsf\u00fchrer)<\/p>\n<p>Julia Brauch&nbsp;(Schriftf\u00fchrerin)<\/p>\n<p>J\u00f6rn Schliep&nbsp;(Jugendbeauftragter)<\/p>\n<p>&nbsp;<\/p>\n","protected":false},"excerpt":{"rendered":"<p>Der F\u00f6rderverein Der Gemeindejugendfeuerwehr wurde 1998 gegr\u00fcndet. Aufgaben des F\u00f6rdervereins ist es, die Jugendarbeit der Jugendfeuerwehr und der Kinderfeuerwehr&nbsp;der Gemeinde Wedemark zu f\u00f6rdern. Der F\u00f6rderverein pflegt die Zusammenarbeit mit anderen Organisationen, Verb\u00e4nden und Einrichtungen, hinsichtlich der gemeinsamen Jugendarbeit. Der F\u00f6rderverein vertritt die Interessen der Gemeinde-Jugendfeuerwehr und ihrer Mitglieder, soweit nicht andere daf\u00fcr zust\u00e4ndig sind. Der [&hellip;]<\/p>\n","protected":false},"author":1,"featured_media":253,"parent":0,"menu_order":3,"comment_status":"closed","ping_status":"closed","template":"","meta":[],"_links":{"self":[{"href":"https:\/\/jf.s383-fair4host.http-s.de\/JFWP\/wp-json\/wp\/v2\/pages\/11"}],"collection":[{"href":"https:\/\/jf.s383-fair4host.http-s.de\/JFWP\/wp-json\/wp\/v2\/pages"}],"about":[{"href":"https:\/\/jf.s383-fair4host.http-s.de\/JFWP\/wp-json\/wp\/v2\/types\/page"}],"author":[{"embeddable":true,"href":"https:\/\/jf.s383-fair4host.http-s.de\/JFWP\/wp-json\/wp\/v2\/users\/1"}],"replies":[{"embeddable":true,"href":"https:\/\/jf.s383-fair4host.http-s.de\/JFWP\/wp-json\/wp\/v2\/comments?post=11"}],"version-history":[{"count":22,"href":"https:\/\/jf.s383-fair4host.http-s.de\/JFWP\/wp-json\/wp\/v2\/pages\/11\/revisions"}],"predecessor-version":[{"id":329,"href":"https:\/\/jf.s383-fair4host.http-s.de\/JFWP\/wp-json\/wp\/v2\/pages\/11\/revisions\/329"}],"wp:featuredmedia":[{"embeddable":true,"href":"https:\/\/jf.s383-fair4host.http-s.de\/JFWP\/wp-json\/wp\/v2\/media\/253"}],"wp:attachment":[{"href":"https:\/\/jf.s383-fair4host.http-s.de\/JFWP\/wp-json\/wp\/v2\/media?parent=11"}],"curies":[{"name":"wp","href":"https:\/\/api.w.org\/{rel}","templated":true}]}}